{"id":3039,"date":"2024-02-28T03:14:46","date_gmt":"2024-02-28T02:14:46","guid":{"rendered":"https:\/\/mosperu.com\/tienda\/?post_type=product&#038;p=3039"},"modified":"2025-01-25T16:11:28","modified_gmt":"2025-01-25T15:11:28","slug":"adaptador-caddy-para-laptop-hdd-sdd-secundario","status":"publish","type":"product","link":"https:\/\/mosperu.com\/tienda\/product\/adaptador-caddy-para-laptop-hdd-sdd-secundario\/","title":{"rendered":"ADAPTADOR CADDY PARA LAPTOP HDD\/SDD SECUNDARIO"},"content":{"rendered":"<p>Maximiza el almacenamiento de tu laptop con nuestro Adaptador Caddy para HDD\/SSD secundario. Agrega un disco duro o una unidad de estado s\u00f3lido adicional para aumentar tu capacidad de almacenamiento. \u00a1M\u00e1s espacio para tus archivos y m\u00e1s rendimiento para tus tareas! \ud83d\udcbe\ud83d\udcbb<\/p>\n<p>Adem\u00e1s de lo que has visto, contamos con una amplia variedad de otros productos disponibles. Si tienes algo espec\u00edfico en mente o si deseas explorar m\u00e1s opciones, no dudes en preguntar. Estamos aqu\u00ed para ayudarte a encontrar exactamente lo que necesitas.<\/p>\n","protected":false},"excerpt":{"rendered":"<p>Maximiza el almacenamiento de tu laptop con nuestro Adaptador Caddy para HDD\/SSD secundario. Agrega un disco duro o una unidad de estado s\u00f3lido adicional para aumentar tu capacidad de almacenamiento. \u00a1M\u00e1s espacio para tus archivos y m\u00e1s rendimiento para tus tareas! \ud83d\udcbe\ud83d\udcbb Adem\u00e1s de lo que has visto, contamos con una amplia variedad de otros &hellip; <a href=\"https:\/\/mosperu.com\/tienda\/product\/adaptador-caddy-para-laptop-hdd-sdd-secundario\/\" class=\"more-link\">Continuar leyendo <span class=\"screen-reader-text\">ADAPTADOR CADDY PARA LAPTOP HDD\/SDD SECUNDARIO<\/span><\/a><\/p>\n","protected":false},"featured_media":9188,"comment_status":"open","ping_status":"closed","template":"","meta":[],"product_cat":[322,315],"product_tag":[],"class_list":{"0":"post-3039","1":"product","2":"type-product","3":"status-publish","4":"has-post-thumbnail","6":"product_cat-adaptadores","7":"product_cat-accesorios-y-componentes","10":"instock","11":"taxable","12":"shipping-taxable","13":"purchasable","14":"product-type-simple"},"_links":{"self":[{"href":"https:\/\/mosperu.com\/tienda\/wp-json\/wp\/v2\/product\/3039","targetHints":{"allow":["GET"]}}],"collection":[{"href":"https:\/\/mosperu.com\/tienda\/wp-json\/wp\/v2\/product"}],"about":[{"href":"https:\/\/mosperu.com\/tienda\/wp-json\/wp\/v2\/types\/product"}],"replies":[{"embeddable":true,"href":"https:\/\/mosperu.com\/tienda\/wp-json\/wp\/v2\/comments?post=3039"}],"version-history":[{"count":1,"href":"https:\/\/mosperu.com\/tienda\/wp-json\/wp\/v2\/product\/3039\/revisions"}],"predecessor-version":[{"id":8629,"href":"https:\/\/mosperu.com\/tienda\/wp-json\/wp\/v2\/product\/3039\/revisions\/8629"}],"wp:featuredmedia":[{"embeddable":true,"href":"https:\/\/mosperu.com\/tienda\/wp-json\/wp\/v2\/media\/9188"}],"wp:attachment":[{"href":"https:\/\/mosperu.com\/tienda\/wp-json\/wp\/v2\/media?parent=3039"}],"wp:term":[{"taxonomy":"product_cat","embeddable":true,"href":"https:\/\/mosperu.com\/tienda\/wp-json\/wp\/v2\/product_cat?post=3039"},{"taxonomy":"product_tag","embeddable":true,"href":"https:\/\/mosperu.com\/tienda\/wp-json\/wp\/v2\/product_tag?post=3039"}],"curies":[{"name":"wp","href":"https:\/\/api.w.org\/{rel}","templated":true}]}}