{"id":3036,"date":"2024-02-28T03:13:36","date_gmt":"2024-02-28T02:13:36","guid":{"rendered":"https:\/\/mosperu.com\/tienda\/?post_type=product&#038;p=3036"},"modified":"2025-01-25T16:11:28","modified_gmt":"2025-01-25T15:11:28","slug":"convertidor-usb-3-0-a-sata","status":"publish","type":"product","link":"https:\/\/mosperu.com\/tienda\/product\/convertidor-usb-3-0-a-sata\/","title":{"rendered":"CONVERTIDOR USB 3.0 A SATA"},"content":{"rendered":"<p>Convierte tu disco duro SATA en una unidad externa de alta velocidad con nuestro Convertidor USB 3.0 a SATA. Transfiere datos de manera r\u00e1pida y eficiente mientras mantienes tus archivos seguros y accesibles. \u00a1Optimiza tu capacidad de almacenamiento con facilidad! \ud83d\udcbe\ud83d\udd0c\ud83d\ude80<\/p>\n<p>Adem\u00e1s de lo que has visto, contamos con una amplia variedad de otros productos disponibles. Si tienes algo espec\u00edfico en mente o si deseas explorar m\u00e1s opciones, no dudes en preguntar. Estamos aqu\u00ed para ayudarte a encontrar exactamente lo que necesitas.<\/p>\n","protected":false},"excerpt":{"rendered":"<p>Convierte tu disco duro SATA en una unidad externa de alta velocidad con nuestro Convertidor USB 3.0 a SATA. Transfiere datos de manera r\u00e1pida y eficiente mientras mantienes tus archivos seguros y accesibles. \u00a1Optimiza tu capacidad de almacenamiento con facilidad! \ud83d\udcbe\ud83d\udd0c\ud83d\ude80 Adem\u00e1s de lo que has visto, contamos con una amplia variedad de otros productos &hellip; <a href=\"https:\/\/mosperu.com\/tienda\/product\/convertidor-usb-3-0-a-sata\/\" class=\"more-link\">Continuar leyendo <span class=\"screen-reader-text\">CONVERTIDOR USB 3.0 A SATA<\/span><\/a><\/p>\n","protected":false},"featured_media":9043,"comment_status":"open","ping_status":"closed","template":"","meta":[],"product_cat":[322,315],"product_tag":[],"class_list":{"0":"post-3036","1":"product","2":"type-product","3":"status-publish","4":"has-post-thumbnail","6":"product_cat-adaptadores","7":"product_cat-accesorios-y-componentes","10":"instock","11":"taxable","12":"shipping-taxable","13":"purchasable","14":"product-type-simple"},"_links":{"self":[{"href":"https:\/\/mosperu.com\/tienda\/wp-json\/wp\/v2\/product\/3036","targetHints":{"allow":["GET"]}}],"collection":[{"href":"https:\/\/mosperu.com\/tienda\/wp-json\/wp\/v2\/product"}],"about":[{"href":"https:\/\/mosperu.com\/tienda\/wp-json\/wp\/v2\/types\/product"}],"replies":[{"embeddable":true,"href":"https:\/\/mosperu.com\/tienda\/wp-json\/wp\/v2\/comments?post=3036"}],"version-history":[{"count":1,"href":"https:\/\/mosperu.com\/tienda\/wp-json\/wp\/v2\/product\/3036\/revisions"}],"predecessor-version":[{"id":8628,"href":"https:\/\/mosperu.com\/tienda\/wp-json\/wp\/v2\/product\/3036\/revisions\/8628"}],"wp:featuredmedia":[{"embeddable":true,"href":"https:\/\/mosperu.com\/tienda\/wp-json\/wp\/v2\/media\/9043"}],"wp:attachment":[{"href":"https:\/\/mosperu.com\/tienda\/wp-json\/wp\/v2\/media?parent=3036"}],"wp:term":[{"taxonomy":"product_cat","embeddable":true,"href":"https:\/\/mosperu.com\/tienda\/wp-json\/wp\/v2\/product_cat?post=3036"},{"taxonomy":"product_tag","embeddable":true,"href":"https:\/\/mosperu.com\/tienda\/wp-json\/wp\/v2\/product_tag?post=3036"}],"curies":[{"name":"wp","href":"https:\/\/api.w.org\/{rel}","templated":true}]}}