{"id":3033,"date":"2024-02-28T03:12:14","date_gmt":"2024-02-28T02:12:14","guid":{"rendered":"https:\/\/mosperu.com\/tienda\/?post_type=product&#038;p=3033"},"modified":"2025-01-25T16:11:28","modified_gmt":"2025-01-25T15:11:28","slug":"lector-smart-card-dni-electronico","status":"publish","type":"product","link":"https:\/\/mosperu.com\/tienda\/product\/lector-smart-card-dni-electronico\/","title":{"rendered":"LECTOR SMART CARD DNI ELECTRONICO"},"content":{"rendered":"<p>Tu identidad en tus manos. Nuestro Lector Smart Card para el DNI Electr\u00f3nico te brinda acceso seguro y f\u00e1cil a tus servicios en l\u00ednea. Protege tu informaci\u00f3n y realiza tr\u00e1mites de manera conveniente. Tu DNI electr\u00f3nico nunca fue tan poderoso. \ud83d\udd12\ud83d\udcc4<\/p>\n<p>Adem\u00e1s de lo que has visto, contamos con una amplia variedad de otros productos disponibles. Si tienes algo espec\u00edfico en mente o si deseas explorar m\u00e1s opciones, no dudes en preguntar. Estamos aqu\u00ed para ayudarte a encontrar exactamente lo que necesitas.<\/p>\n","protected":false},"excerpt":{"rendered":"<p>Tu identidad en tus manos. Nuestro Lector Smart Card para el DNI Electr\u00f3nico te brinda acceso seguro y f\u00e1cil a tus servicios en l\u00ednea. Protege tu informaci\u00f3n y realiza tr\u00e1mites de manera conveniente. Tu DNI electr\u00f3nico nunca fue tan poderoso. \ud83d\udd12\ud83d\udcc4 Adem\u00e1s de lo que has visto, contamos con una amplia variedad de otros productos &hellip; <a href=\"https:\/\/mosperu.com\/tienda\/product\/lector-smart-card-dni-electronico\/\" class=\"more-link\">Continuar leyendo <span class=\"screen-reader-text\">LECTOR SMART CARD DNI ELECTRONICO<\/span><\/a><\/p>\n","protected":false},"featured_media":9042,"comment_status":"open","ping_status":"closed","template":"","meta":[],"product_cat":[322,315,331],"product_tag":[],"class_list":{"0":"post-3033","1":"product","2":"type-product","3":"status-publish","4":"has-post-thumbnail","6":"product_cat-adaptadores","7":"product_cat-accesorios-y-componentes","8":"product_cat-perifericos","11":"instock","12":"taxable","13":"shipping-taxable","14":"purchasable","15":"product-type-simple"},"_links":{"self":[{"href":"https:\/\/mosperu.com\/tienda\/wp-json\/wp\/v2\/product\/3033","targetHints":{"allow":["GET"]}}],"collection":[{"href":"https:\/\/mosperu.com\/tienda\/wp-json\/wp\/v2\/product"}],"about":[{"href":"https:\/\/mosperu.com\/tienda\/wp-json\/wp\/v2\/types\/product"}],"replies":[{"embeddable":true,"href":"https:\/\/mosperu.com\/tienda\/wp-json\/wp\/v2\/comments?post=3033"}],"version-history":[{"count":1,"href":"https:\/\/mosperu.com\/tienda\/wp-json\/wp\/v2\/product\/3033\/revisions"}],"predecessor-version":[{"id":8627,"href":"https:\/\/mosperu.com\/tienda\/wp-json\/wp\/v2\/product\/3033\/revisions\/8627"}],"wp:featuredmedia":[{"embeddable":true,"href":"https:\/\/mosperu.com\/tienda\/wp-json\/wp\/v2\/media\/9042"}],"wp:attachment":[{"href":"https:\/\/mosperu.com\/tienda\/wp-json\/wp\/v2\/media?parent=3033"}],"wp:term":[{"taxonomy":"product_cat","embeddable":true,"href":"https:\/\/mosperu.com\/tienda\/wp-json\/wp\/v2\/product_cat?post=3033"},{"taxonomy":"product_tag","embeddable":true,"href":"https:\/\/mosperu.com\/tienda\/wp-json\/wp\/v2\/product_tag?post=3033"}],"curies":[{"name":"wp","href":"https:\/\/api.w.org\/{rel}","templated":true}]}}