{"id":3021,"date":"2024-02-28T03:09:04","date_gmt":"2024-02-28T02:09:04","guid":{"rendered":"https:\/\/mosperu.com\/tienda\/?post_type=product&#038;p=3021"},"modified":"2025-01-25T16:11:28","modified_gmt":"2025-01-25T15:11:28","slug":"adaptador-hub-usb-3-0-tipo-c-5-en-1","status":"publish","type":"product","link":"https:\/\/mosperu.com\/tienda\/product\/adaptador-hub-usb-3-0-tipo-c-5-en-1\/","title":{"rendered":"Adaptador Hub USB 3.0 Tipo C 5 en 1"},"content":{"rendered":"<p>\u00a1Simplifica tu vida digital con nuestro Adaptador Hub USB 3!0 Tipo C 5 en 1! Con 2 puertos USB 3.0, 1 USB-C, 1 RJ45 y 1 HDMI, este adaptador ofrece versatilidad y rendimiento en un solo dispositivo. Conecta tus dispositivos, disfruta de conexiones r\u00e1pidas y ampl\u00eda tu pantalla con facilidad. La soluci\u00f3n todo en uno para tus necesidades de conectividad. \ud83d\udcbb\ud83d\udd0c\ud83d\udcfa<\/p>\n<p>Adem\u00e1s de lo que has visto, contamos con una amplia variedad de otros productos disponibles. Si tienes algo espec\u00edfico en mente o si deseas explorar m\u00e1s opciones, no dudes en preguntar. Estamos aqu\u00ed para ayudarte a encontrar exactamente lo que necesitas.<\/p>\n","protected":false},"excerpt":{"rendered":"<p>\u00a1Simplifica tu vida digital con nuestro Adaptador Hub USB 3!0 Tipo C 5 en 1! Con 2 puertos USB 3.0, 1 USB-C, 1 RJ45 y 1 HDMI, este adaptador ofrece versatilidad y rendimiento en un solo dispositivo. Conecta tus dispositivos, disfruta de conexiones r\u00e1pidas y ampl\u00eda tu pantalla con facilidad. La soluci\u00f3n todo en uno &hellip; <a href=\"https:\/\/mosperu.com\/tienda\/product\/adaptador-hub-usb-3-0-tipo-c-5-en-1\/\" class=\"more-link\">Continuar leyendo <span class=\"screen-reader-text\">Adaptador Hub USB 3.0 Tipo C 5 en 1<\/span><\/a><\/p>\n","protected":false},"featured_media":9038,"comment_status":"open","ping_status":"closed","template":"","meta":[],"product_cat":[322,315],"product_tag":[],"class_list":{"0":"post-3021","1":"product","2":"type-product","3":"status-publish","4":"has-post-thumbnail","6":"product_cat-adaptadores","7":"product_cat-accesorios-y-componentes","10":"outofstock","11":"taxable","12":"shipping-taxable","13":"purchasable","14":"product-type-simple"},"_links":{"self":[{"href":"https:\/\/mosperu.com\/tienda\/wp-json\/wp\/v2\/product\/3021","targetHints":{"allow":["GET"]}}],"collection":[{"href":"https:\/\/mosperu.com\/tienda\/wp-json\/wp\/v2\/product"}],"about":[{"href":"https:\/\/mosperu.com\/tienda\/wp-json\/wp\/v2\/types\/product"}],"replies":[{"embeddable":true,"href":"https:\/\/mosperu.com\/tienda\/wp-json\/wp\/v2\/comments?post=3021"}],"version-history":[{"count":1,"href":"https:\/\/mosperu.com\/tienda\/wp-json\/wp\/v2\/product\/3021\/revisions"}],"predecessor-version":[{"id":8622,"href":"https:\/\/mosperu.com\/tienda\/wp-json\/wp\/v2\/product\/3021\/revisions\/8622"}],"wp:featuredmedia":[{"embeddable":true,"href":"https:\/\/mosperu.com\/tienda\/wp-json\/wp\/v2\/media\/9038"}],"wp:attachment":[{"href":"https:\/\/mosperu.com\/tienda\/wp-json\/wp\/v2\/media?parent=3021"}],"wp:term":[{"taxonomy":"product_cat","embeddable":true,"href":"https:\/\/mosperu.com\/tienda\/wp-json\/wp\/v2\/product_cat?post=3021"},{"taxonomy":"product_tag","embeddable":true,"href":"https:\/\/mosperu.com\/tienda\/wp-json\/wp\/v2\/product_tag?post=3021"}],"curies":[{"name":"wp","href":"https:\/\/api.w.org\/{rel}","templated":true}]}}