{"id":3016,"date":"2024-02-28T03:08:04","date_gmt":"2024-02-28T02:08:04","guid":{"rendered":"https:\/\/mosperu.com\/tienda\/?post_type=product&#038;p=3016"},"modified":"2025-01-25T16:11:28","modified_gmt":"2025-01-25T15:11:28","slug":"hub-usb-3-0-pci-express-card","status":"publish","type":"product","link":"https:\/\/mosperu.com\/tienda\/product\/hub-usb-3-0-pci-express-card\/","title":{"rendered":"HUB USB 3.0 PCI EXPRESS CARD"},"content":{"rendered":"<p>Ampl\u00eda tus opciones de conectividad con nuestra Tarjeta PCI Express con Hub USB 3.0. A\u00f1ade f\u00e1cilmente puertos USB 3.0 de alta velocidad a tu PC o estaci\u00f3n de trabajo. Potencia tus transferencias de datos y conecta tus dispositivos con total fluidez. Actualiza tu capacidad de conexi\u00f3n hoy mismo. \ud83d\udcbb\ud83d\udd0c\ud83d\ude80<\/p>\n<p>Adem\u00e1s de lo que has visto, contamos con una amplia variedad de otros productos disponibles. Si tienes algo espec\u00edfico en mente o si deseas explorar m\u00e1s opciones, no dudes en preguntar. Estamos aqu\u00ed para ayudarte a encontrar exactamente lo que necesitas.<\/p>\n","protected":false},"excerpt":{"rendered":"<p>Ampl\u00eda tus opciones de conectividad con nuestra Tarjeta PCI Express con Hub USB 3.0. A\u00f1ade f\u00e1cilmente puertos USB 3.0 de alta velocidad a tu PC o estaci\u00f3n de trabajo. Potencia tus transferencias de datos y conecta tus dispositivos con total fluidez. Actualiza tu capacidad de conexi\u00f3n hoy mismo. \ud83d\udcbb\ud83d\udd0c\ud83d\ude80 Adem\u00e1s de lo que has visto, &hellip; <a href=\"https:\/\/mosperu.com\/tienda\/product\/hub-usb-3-0-pci-express-card\/\" class=\"more-link\">Continuar leyendo <span class=\"screen-reader-text\">HUB USB 3.0 PCI EXPRESS CARD<\/span><\/a><\/p>\n","protected":false},"featured_media":9037,"comment_status":"open","ping_status":"closed","template":"","meta":[],"product_cat":[322,315],"product_tag":[],"class_list":{"0":"post-3016","1":"product","2":"type-product","3":"status-publish","4":"has-post-thumbnail","6":"product_cat-adaptadores","7":"product_cat-accesorios-y-componentes","10":"instock","11":"taxable","12":"shipping-taxable","13":"purchasable","14":"product-type-simple"},"_links":{"self":[{"href":"https:\/\/mosperu.com\/tienda\/wp-json\/wp\/v2\/product\/3016","targetHints":{"allow":["GET"]}}],"collection":[{"href":"https:\/\/mosperu.com\/tienda\/wp-json\/wp\/v2\/product"}],"about":[{"href":"https:\/\/mosperu.com\/tienda\/wp-json\/wp\/v2\/types\/product"}],"replies":[{"embeddable":true,"href":"https:\/\/mosperu.com\/tienda\/wp-json\/wp\/v2\/comments?post=3016"}],"version-history":[{"count":1,"href":"https:\/\/mosperu.com\/tienda\/wp-json\/wp\/v2\/product\/3016\/revisions"}],"predecessor-version":[{"id":8621,"href":"https:\/\/mosperu.com\/tienda\/wp-json\/wp\/v2\/product\/3016\/revisions\/8621"}],"wp:featuredmedia":[{"embeddable":true,"href":"https:\/\/mosperu.com\/tienda\/wp-json\/wp\/v2\/media\/9037"}],"wp:attachment":[{"href":"https:\/\/mosperu.com\/tienda\/wp-json\/wp\/v2\/media?parent=3016"}],"wp:term":[{"taxonomy":"product_cat","embeddable":true,"href":"https:\/\/mosperu.com\/tienda\/wp-json\/wp\/v2\/product_cat?post=3016"},{"taxonomy":"product_tag","embeddable":true,"href":"https:\/\/mosperu.com\/tienda\/wp-json\/wp\/v2\/product_tag?post=3016"}],"curies":[{"name":"wp","href":"https:\/\/api.w.org\/{rel}","templated":true}]}}