{"id":3005,"date":"2024-02-28T03:03:39","date_gmt":"2024-02-28T02:03:39","guid":{"rendered":"https:\/\/mosperu.com\/tienda\/?post_type=product&#038;p=3005"},"modified":"2025-01-25T16:11:29","modified_gmt":"2025-01-25T15:11:29","slug":"hub-usb-3-0-con-4-puertos","status":"publish","type":"product","link":"https:\/\/mosperu.com\/tienda\/product\/hub-usb-3-0-con-4-puertos\/","title":{"rendered":"HUB USB 3.0 CON 4 PUERTOS"},"content":{"rendered":"<p>\u00bfNecesitas m\u00e1s puertos USB? Nuestro Hub USB 3.0 con 4 puertos es la soluci\u00f3n perfecta para expandir tu capacidad de conexi\u00f3n. Con\u00e9ctalo y ampl\u00eda tus opciones de dispositivos al instante. La versatilidad que necesitas en un dise\u00f1o compacto. \ud83d\udda5\ufe0f\ud83d\udd0c<\/p>\n<p>Adem\u00e1s de lo que has visto, contamos con una amplia variedad de otros productos disponibles. Si tienes algo espec\u00edfico en mente o si deseas explorar m\u00e1s opciones, no dudes en preguntar. Estamos aqu\u00ed para ayudarte a encontrar exactamente lo que necesitas.<\/p>\n","protected":false},"excerpt":{"rendered":"<p>\u00bfNecesitas m\u00e1s puertos USB? Nuestro Hub USB 3.0 con 4 puertos es la soluci\u00f3n perfecta para expandir tu capacidad de conexi\u00f3n. Con\u00e9ctalo y ampl\u00eda tus opciones de dispositivos al instante. La versatilidad que necesitas en un dise\u00f1o compacto. \ud83d\udda5\ufe0f\ud83d\udd0c Adem\u00e1s de lo que has visto, contamos con una amplia variedad de otros productos disponibles. Si &hellip; <a href=\"https:\/\/mosperu.com\/tienda\/product\/hub-usb-3-0-con-4-puertos\/\" class=\"more-link\">Continuar leyendo <span class=\"screen-reader-text\">HUB USB 3.0 CON 4 PUERTOS<\/span><\/a><\/p>\n","protected":false},"featured_media":9034,"comment_status":"open","ping_status":"closed","template":"","meta":[],"product_cat":[322,315],"product_tag":[],"class_list":{"0":"post-3005","1":"product","2":"type-product","3":"status-publish","4":"has-post-thumbnail","6":"product_cat-adaptadores","7":"product_cat-accesorios-y-componentes","10":"instock","11":"taxable","12":"shipping-taxable","13":"purchasable","14":"product-type-simple"},"_links":{"self":[{"href":"https:\/\/mosperu.com\/tienda\/wp-json\/wp\/v2\/product\/3005","targetHints":{"allow":["GET"]}}],"collection":[{"href":"https:\/\/mosperu.com\/tienda\/wp-json\/wp\/v2\/product"}],"about":[{"href":"https:\/\/mosperu.com\/tienda\/wp-json\/wp\/v2\/types\/product"}],"replies":[{"embeddable":true,"href":"https:\/\/mosperu.com\/tienda\/wp-json\/wp\/v2\/comments?post=3005"}],"version-history":[{"count":1,"href":"https:\/\/mosperu.com\/tienda\/wp-json\/wp\/v2\/product\/3005\/revisions"}],"predecessor-version":[{"id":8618,"href":"https:\/\/mosperu.com\/tienda\/wp-json\/wp\/v2\/product\/3005\/revisions\/8618"}],"wp:featuredmedia":[{"embeddable":true,"href":"https:\/\/mosperu.com\/tienda\/wp-json\/wp\/v2\/media\/9034"}],"wp:attachment":[{"href":"https:\/\/mosperu.com\/tienda\/wp-json\/wp\/v2\/media?parent=3005"}],"wp:term":[{"taxonomy":"product_cat","embeddable":true,"href":"https:\/\/mosperu.com\/tienda\/wp-json\/wp\/v2\/product_cat?post=3005"},{"taxonomy":"product_tag","embeddable":true,"href":"https:\/\/mosperu.com\/tienda\/wp-json\/wp\/v2\/product_tag?post=3005"}],"curies":[{"name":"wp","href":"https:\/\/api.w.org\/{rel}","templated":true}]}}