{"id":2999,"date":"2024-02-28T03:01:03","date_gmt":"2024-02-28T02:01:03","guid":{"rendered":"https:\/\/mosperu.com\/tienda\/?post_type=product&#038;p=2999"},"modified":"2025-01-25T16:11:29","modified_gmt":"2025-01-25T15:11:29","slug":"adaptador-wifi-usb-con-antena","status":"publish","type":"product","link":"https:\/\/mosperu.com\/tienda\/product\/adaptador-wifi-usb-con-antena\/","title":{"rendered":"ADAPTADOR WIFI USB CON ANTENA"},"content":{"rendered":"<p>Potencia tu conexi\u00f3n WiFi con nuestro Adaptador USB con Antena. Obt\u00e9n una se\u00f1al m\u00e1s fuerte y una velocidad de Internet m\u00e1s r\u00e1pida en cualquier lugar de tu hogar u oficina. Di adi\u00f3s a las zonas muertas y disfruta de una conectividad sin l\u00edmites. \ud83d\udce1\ud83d\udcbb<\/p>\n<p>Adem\u00e1s de lo que has visto, contamos con una amplia variedad de otros productos disponibles. Si tienes algo espec\u00edfico en mente o si deseas explorar m\u00e1s opciones, no dudes en preguntar. Estamos aqu\u00ed para ayudarte a encontrar exactamente lo que necesitas.<\/p>\n","protected":false},"excerpt":{"rendered":"<p>Potencia tu conexi\u00f3n WiFi con nuestro Adaptador USB con Antena. Obt\u00e9n una se\u00f1al m\u00e1s fuerte y una velocidad de Internet m\u00e1s r\u00e1pida en cualquier lugar de tu hogar u oficina. Di adi\u00f3s a las zonas muertas y disfruta de una conectividad sin l\u00edmites. \ud83d\udce1\ud83d\udcbb Adem\u00e1s de lo que has visto, contamos con una amplia variedad &hellip; <a href=\"https:\/\/mosperu.com\/tienda\/product\/adaptador-wifi-usb-con-antena\/\" class=\"more-link\">Continuar leyendo <span class=\"screen-reader-text\">ADAPTADOR WIFI USB CON ANTENA<\/span><\/a><\/p>\n","protected":false},"featured_media":9008,"comment_status":"open","ping_status":"closed","template":"","meta":[],"product_cat":[322,315,318],"product_tag":[],"class_list":{"0":"post-2999","1":"product","2":"type-product","3":"status-publish","4":"has-post-thumbnail","6":"product_cat-adaptadores","7":"product_cat-accesorios-y-componentes","8":"product_cat-redes-y-wifi","11":"instock","12":"taxable","13":"shipping-taxable","14":"purchasable","15":"product-type-simple"},"_links":{"self":[{"href":"https:\/\/mosperu.com\/tienda\/wp-json\/wp\/v2\/product\/2999","targetHints":{"allow":["GET"]}}],"collection":[{"href":"https:\/\/mosperu.com\/tienda\/wp-json\/wp\/v2\/product"}],"about":[{"href":"https:\/\/mosperu.com\/tienda\/wp-json\/wp\/v2\/types\/product"}],"replies":[{"embeddable":true,"href":"https:\/\/mosperu.com\/tienda\/wp-json\/wp\/v2\/comments?post=2999"}],"version-history":[{"count":1,"href":"https:\/\/mosperu.com\/tienda\/wp-json\/wp\/v2\/product\/2999\/revisions"}],"predecessor-version":[{"id":8616,"href":"https:\/\/mosperu.com\/tienda\/wp-json\/wp\/v2\/product\/2999\/revisions\/8616"}],"wp:featuredmedia":[{"embeddable":true,"href":"https:\/\/mosperu.com\/tienda\/wp-json\/wp\/v2\/media\/9008"}],"wp:attachment":[{"href":"https:\/\/mosperu.com\/tienda\/wp-json\/wp\/v2\/media?parent=2999"}],"wp:term":[{"taxonomy":"product_cat","embeddable":true,"href":"https:\/\/mosperu.com\/tienda\/wp-json\/wp\/v2\/product_cat?post=2999"},{"taxonomy":"product_tag","embeddable":true,"href":"https:\/\/mosperu.com\/tienda\/wp-json\/wp\/v2\/product_tag?post=2999"}],"curies":[{"name":"wp","href":"https:\/\/api.w.org\/{rel}","templated":true}]}}