{"id":2996,"date":"2024-02-28T02:59:48","date_gmt":"2024-02-28T01:59:48","guid":{"rendered":"https:\/\/mosperu.com\/tienda\/?post_type=product&#038;p=2996"},"modified":"2025-01-25T16:11:29","modified_gmt":"2025-01-25T15:11:29","slug":"adaptador-red-usb-c-a-rj45","status":"publish","type":"product","link":"https:\/\/mosperu.com\/tienda\/product\/adaptador-red-usb-c-a-rj45\/","title":{"rendered":"ADAPTADOR RED USB C A RJ45"},"content":{"rendered":"<p>Convierte tu USB-C en una conexi\u00f3n de red ultra r\u00e1pida. Nuestro Adaptador USB-C a RJ45 te brinda la velocidad y estabilidad que necesitas para trabajar o jugar en l\u00ednea sin problemas. \u00a1Con\u00e9ctate sin complicaciones! \ud83d\udcbb\ud83d\ude80<\/p>\n<p>Adem\u00e1s de lo que has visto, contamos con una amplia variedad de otros productos disponibles. Si tienes algo espec\u00edfico en mente o si deseas explorar m\u00e1s opciones, no dudes en preguntar. Estamos aqu\u00ed para ayudarte a encontrar exactamente lo que necesitas.<\/p>\n","protected":false},"excerpt":{"rendered":"<p>Convierte tu USB-C en una conexi\u00f3n de red ultra r\u00e1pida. Nuestro Adaptador USB-C a RJ45 te brinda la velocidad y estabilidad que necesitas para trabajar o jugar en l\u00ednea sin problemas. \u00a1Con\u00e9ctate sin complicaciones! \ud83d\udcbb\ud83d\ude80 Adem\u00e1s de lo que has visto, contamos con una amplia variedad de otros productos disponibles. Si tienes algo espec\u00edfico en &hellip; <a href=\"https:\/\/mosperu.com\/tienda\/product\/adaptador-red-usb-c-a-rj45\/\" class=\"more-link\">Continuar leyendo <span class=\"screen-reader-text\">ADAPTADOR RED USB C A RJ45<\/span><\/a><\/p>\n","protected":false},"featured_media":9007,"comment_status":"open","ping_status":"closed","template":"","meta":[],"product_cat":[322,315],"product_tag":[],"class_list":{"0":"post-2996","1":"product","2":"type-product","3":"status-publish","4":"has-post-thumbnail","6":"product_cat-adaptadores","7":"product_cat-accesorios-y-componentes","10":"instock","11":"taxable","12":"shipping-taxable","13":"purchasable","14":"product-type-simple"},"_links":{"self":[{"href":"https:\/\/mosperu.com\/tienda\/wp-json\/wp\/v2\/product\/2996","targetHints":{"allow":["GET"]}}],"collection":[{"href":"https:\/\/mosperu.com\/tienda\/wp-json\/wp\/v2\/product"}],"about":[{"href":"https:\/\/mosperu.com\/tienda\/wp-json\/wp\/v2\/types\/product"}],"replies":[{"embeddable":true,"href":"https:\/\/mosperu.com\/tienda\/wp-json\/wp\/v2\/comments?post=2996"}],"version-history":[{"count":1,"href":"https:\/\/mosperu.com\/tienda\/wp-json\/wp\/v2\/product\/2996\/revisions"}],"predecessor-version":[{"id":8615,"href":"https:\/\/mosperu.com\/tienda\/wp-json\/wp\/v2\/product\/2996\/revisions\/8615"}],"wp:featuredmedia":[{"embeddable":true,"href":"https:\/\/mosperu.com\/tienda\/wp-json\/wp\/v2\/media\/9007"}],"wp:attachment":[{"href":"https:\/\/mosperu.com\/tienda\/wp-json\/wp\/v2\/media?parent=2996"}],"wp:term":[{"taxonomy":"product_cat","embeddable":true,"href":"https:\/\/mosperu.com\/tienda\/wp-json\/wp\/v2\/product_cat?post=2996"},{"taxonomy":"product_tag","embeddable":true,"href":"https:\/\/mosperu.com\/tienda\/wp-json\/wp\/v2\/product_tag?post=2996"}],"curies":[{"name":"wp","href":"https:\/\/api.w.org\/{rel}","templated":true}]}}