{"id":2990,"date":"2024-02-28T02:56:04","date_gmt":"2024-02-28T01:56:04","guid":{"rendered":"https:\/\/mosperu.com\/tienda\/?post_type=product&#038;p=2990"},"modified":"2025-01-25T16:11:29","modified_gmt":"2025-01-25T15:11:29","slug":"convertidor-usb-3-0-a-hdmiconvertidor-usb-3-0-a-hdmi","status":"publish","type":"product","link":"https:\/\/mosperu.com\/tienda\/product\/convertidor-usb-3-0-a-hdmiconvertidor-usb-3-0-a-hdmi\/","title":{"rendered":"CONVERTIDOR USB 3.0 A HDMI"},"content":{"rendered":"<p>\u00bfNecesitas conectar tu laptop o dispositivo a una pantalla m\u00e1s grande? Nuestro Convertidor USB 3.0 a HDMI lo hace posible en un abrir y cerrar de ojos. Experimenta tus contenidos favoritos en una calidad HD deslumbrante. \u00a1Haz que la conexi\u00f3n sea sencilla y efectiva! \ud83d\udcbb\ud83d\udcfa<\/p>\n<p>Adem\u00e1s de lo que has visto, contamos con una amplia variedad de otros productos disponibles. Si tienes algo espec\u00edfico en mente o si deseas explorar m\u00e1s opciones, no dudes en preguntar. Estamos aqu\u00ed para ayudarte a encontrar exactamente lo que necesitas.<\/p>\n","protected":false},"excerpt":{"rendered":"<p>\u00bfNecesitas conectar tu laptop o dispositivo a una pantalla m\u00e1s grande? Nuestro Convertidor USB 3.0 a HDMI lo hace posible en un abrir y cerrar de ojos. Experimenta tus contenidos favoritos en una calidad HD deslumbrante. \u00a1Haz que la conexi\u00f3n sea sencilla y efectiva! \ud83d\udcbb\ud83d\udcfa Adem\u00e1s de lo que has visto, contamos con una amplia &hellip; <a href=\"https:\/\/mosperu.com\/tienda\/product\/convertidor-usb-3-0-a-hdmiconvertidor-usb-3-0-a-hdmi\/\" class=\"more-link\">Continuar leyendo <span class=\"screen-reader-text\">CONVERTIDOR USB 3.0 A HDMI<\/span><\/a><\/p>\n","protected":false},"featured_media":9004,"comment_status":"open","ping_status":"closed","template":"","meta":[],"product_cat":[322,315],"product_tag":[],"class_list":{"0":"post-2990","1":"product","2":"type-product","3":"status-publish","4":"has-post-thumbnail","6":"product_cat-adaptadores","7":"product_cat-accesorios-y-componentes","10":"instock","11":"taxable","12":"shipping-taxable","13":"purchasable","14":"product-type-simple"},"_links":{"self":[{"href":"https:\/\/mosperu.com\/tienda\/wp-json\/wp\/v2\/product\/2990","targetHints":{"allow":["GET"]}}],"collection":[{"href":"https:\/\/mosperu.com\/tienda\/wp-json\/wp\/v2\/product"}],"about":[{"href":"https:\/\/mosperu.com\/tienda\/wp-json\/wp\/v2\/types\/product"}],"replies":[{"embeddable":true,"href":"https:\/\/mosperu.com\/tienda\/wp-json\/wp\/v2\/comments?post=2990"}],"version-history":[{"count":1,"href":"https:\/\/mosperu.com\/tienda\/wp-json\/wp\/v2\/product\/2990\/revisions"}],"predecessor-version":[{"id":8613,"href":"https:\/\/mosperu.com\/tienda\/wp-json\/wp\/v2\/product\/2990\/revisions\/8613"}],"wp:featuredmedia":[{"embeddable":true,"href":"https:\/\/mosperu.com\/tienda\/wp-json\/wp\/v2\/media\/9004"}],"wp:attachment":[{"href":"https:\/\/mosperu.com\/tienda\/wp-json\/wp\/v2\/media?parent=2990"}],"wp:term":[{"taxonomy":"product_cat","embeddable":true,"href":"https:\/\/mosperu.com\/tienda\/wp-json\/wp\/v2\/product_cat?post=2990"},{"taxonomy":"product_tag","embeddable":true,"href":"https:\/\/mosperu.com\/tienda\/wp-json\/wp\/v2\/product_tag?post=2990"}],"curies":[{"name":"wp","href":"https:\/\/api.w.org\/{rel}","templated":true}]}}