{"id":10093,"date":"2025-02-17T18:14:18","date_gmt":"2025-02-17T17:14:18","guid":{"rendered":"https:\/\/mosperu.com\/tienda\/?post_type=product&#038;p=10093"},"modified":"2025-02-17T18:15:50","modified_gmt":"2025-02-17T17:15:50","slug":"instalacion-y-configuracion-windows-y-microsoft-365","status":"publish","type":"product","link":"https:\/\/mosperu.com\/tienda\/product\/instalacion-y-configuracion-windows-y-microsoft-365\/","title":{"rendered":"Instalaci\u00f3n y configuraci\u00f3n Windows y Microsoft 365"},"content":{"rendered":"<p>Instalaci\u00f3n y configuraci\u00f3n en computadoras o dispositivos m\u00f3viles con licencia originales de Microsoft.<br \/>\nNo incluye licencias.<\/p>\n","protected":false},"excerpt":{"rendered":"<p>Instalaci\u00f3n y configuraci\u00f3n en computadoras o dispositivos m\u00f3viles con licencia originales de Microsoft. No incluye licencias.<\/p>\n","protected":false},"featured_media":10094,"comment_status":"open","ping_status":"closed","template":"","meta":[],"product_cat":[361,319,333,320],"product_tag":[],"class_list":{"0":"post-10093","1":"product","2":"type-product","3":"status-publish","4":"has-post-thumbnail","6":"product_cat-microsoft","7":"product_cat-servicio-tecnico","8":"product_cat-servicio-tecnico-para-computo","9":"product_cat-servicios-tecnico-para-software","12":"instock","13":"virtual","14":"taxable","15":"purchasable","16":"product-type-simple"},"_links":{"self":[{"href":"https:\/\/mosperu.com\/tienda\/wp-json\/wp\/v2\/product\/10093","targetHints":{"allow":["GET"]}}],"collection":[{"href":"https:\/\/mosperu.com\/tienda\/wp-json\/wp\/v2\/product"}],"about":[{"href":"https:\/\/mosperu.com\/tienda\/wp-json\/wp\/v2\/types\/product"}],"replies":[{"embeddable":true,"href":"https:\/\/mosperu.com\/tienda\/wp-json\/wp\/v2\/comments?post=10093"}],"version-history":[{"count":2,"href":"https:\/\/mosperu.com\/tienda\/wp-json\/wp\/v2\/product\/10093\/revisions"}],"predecessor-version":[{"id":10096,"href":"https:\/\/mosperu.com\/tienda\/wp-json\/wp\/v2\/product\/10093\/revisions\/10096"}],"wp:featuredmedia":[{"embeddable":true,"href":"https:\/\/mosperu.com\/tienda\/wp-json\/wp\/v2\/media\/10094"}],"wp:attachment":[{"href":"https:\/\/mosperu.com\/tienda\/wp-json\/wp\/v2\/media?parent=10093"}],"wp:term":[{"taxonomy":"product_cat","embeddable":true,"href":"https:\/\/mosperu.com\/tienda\/wp-json\/wp\/v2\/product_cat?post=10093"},{"taxonomy":"product_tag","embeddable":true,"href":"https:\/\/mosperu.com\/tienda\/wp-json\/wp\/v2\/product_tag?post=10093"}],"curies":[{"name":"wp","href":"https:\/\/api.w.org\/{rel}","templated":true}]}}