{"id":10075,"date":"2025-02-17T16:38:58","date_gmt":"2025-02-17T15:38:58","guid":{"rendered":"https:\/\/mosperu.com\/tienda\/?post_type=product&#038;p=10075"},"modified":"2025-02-17T16:45:49","modified_gmt":"2025-02-17T15:45:49","slug":"capacitacion-en-microsoft-365-para-alumnos","status":"publish","type":"product","link":"https:\/\/mosperu.com\/tienda\/product\/capacitacion-en-microsoft-365-para-alumnos\/","title":{"rendered":"Capacitaci\u00f3n en Microsoft 365 para alumnos"},"content":{"rendered":"<p>Contenido de la capacitaci\u00f3n:<\/p>\n<ul>\n<li><span data-contrast=\"auto\">Ingreso a plataforma y cambio de contrase\u00f1a<\/span><\/li>\n<li><span data-contrast=\"auto\">Edici\u00f3n de perfil de Usuario<\/span><\/li>\n<li><span data-contrast=\"auto\">Uso de Outlook<\/span><\/li>\n<li><span data-contrast=\"auto\">Uso de\u00a0<\/span><span data-contrast=\"auto\">Word, Excel,\u00a0Power\u00a0Point y\u00a0<\/span><span data-contrast=\"auto\">OneNote en l\u00ednea<\/span><\/li>\n<li>Uso de Onedrive personal profesional en l\u00ednea<\/li>\n<li>Clases y tareas en Microsoft Teams<\/li>\n<li>Reuniones virtuales en Microsoft Teams<\/li>\n<\/ul>\n<p><span data-contrast=\"auto\">Tiempo: Hasta 1:30<\/span><span data-contrast=\"auto\">hrs en 1 sesion.<\/span><\/p>\n<p>Para 1 profesor<\/p>\n","protected":false},"excerpt":{"rendered":"<p>Contenido de la capacitaci\u00f3n: Ingreso a plataforma y cambio de contrase\u00f1a Edici\u00f3n de perfil de Usuario Uso de Outlook Uso de\u00a0Word, Excel,\u00a0Power\u00a0Point y\u00a0OneNote en l\u00ednea Uso de Onedrive personal profesional en l\u00ednea Clases y tareas en Microsoft Teams Reuniones virtuales en Microsoft Teams Tiempo: Hasta 1:30hrs en 1 sesion. Para 1 profesor<\/p>\n","protected":false},"featured_media":10031,"comment_status":"open","ping_status":"closed","template":"","meta":[],"product_cat":[369],"product_tag":[],"class_list":{"0":"post-10075","1":"product","2":"type-product","3":"status-publish","4":"has-post-thumbnail","6":"product_cat-capacitaciones","9":"instock","10":"virtual","11":"taxable","12":"purchasable","13":"product-type-simple"},"_links":{"self":[{"href":"https:\/\/mosperu.com\/tienda\/wp-json\/wp\/v2\/product\/10075","targetHints":{"allow":["GET"]}}],"collection":[{"href":"https:\/\/mosperu.com\/tienda\/wp-json\/wp\/v2\/product"}],"about":[{"href":"https:\/\/mosperu.com\/tienda\/wp-json\/wp\/v2\/types\/product"}],"replies":[{"embeddable":true,"href":"https:\/\/mosperu.com\/tienda\/wp-json\/wp\/v2\/comments?post=10075"}],"version-history":[{"count":2,"href":"https:\/\/mosperu.com\/tienda\/wp-json\/wp\/v2\/product\/10075\/revisions"}],"predecessor-version":[{"id":10077,"href":"https:\/\/mosperu.com\/tienda\/wp-json\/wp\/v2\/product\/10075\/revisions\/10077"}],"wp:featuredmedia":[{"embeddable":true,"href":"https:\/\/mosperu.com\/tienda\/wp-json\/wp\/v2\/media\/10031"}],"wp:attachment":[{"href":"https:\/\/mosperu.com\/tienda\/wp-json\/wp\/v2\/media?parent=10075"}],"wp:term":[{"taxonomy":"product_cat","embeddable":true,"href":"https:\/\/mosperu.com\/tienda\/wp-json\/wp\/v2\/product_cat?post=10075"},{"taxonomy":"product_tag","embeddable":true,"href":"https:\/\/mosperu.com\/tienda\/wp-json\/wp\/v2\/product_tag?post=10075"}],"curies":[{"name":"wp","href":"https:\/\/api.w.org\/{rel}","templated":true}]}}